{"id":1234,"date":"2023-11-13T13:43:36","date_gmt":"2023-11-13T16:43:36","guid":{"rendered":"http:\/\/www.lubricantesvaldes.cl\/?page_id=1234"},"modified":"2024-01-04T17:57:06","modified_gmt":"2024-01-04T20:57:06","slug":"1234-2","status":"publish","type":"page","link":"https:\/\/www.lubricantesvaldes.cl\/?page_id=1234","title":{"rendered":""},"content":{"rendered":"\t\t<div data-elementor-type=\"wp-page\" data-elementor-id=\"1234\" class=\"elementor elementor-1234\">\n\t\t\t\t\t\t<section class=\"elementor-section elementor-top-section elementor-element elementor-element-1dd8ce650 elementor-section-height-min-height elementor-section-boxed elementor-section-height-default elementor-section-items-middle wpr-particle-no wpr-jarallax-no wpr-parallax-no wpr-sticky-section-no wpr-equal-height-no\" data-id=\"1dd8ce650\" data-element_type=\"section\" data-e-type=\"section\" data-settings=\"{&quot;background_background&quot;:&quot;classic&quot;}\">\n\t\t\t\t\t\t\t<div class=\"elementor-background-overlay\"><\/div>\n\t\t\t\t\t\t\t<div class=\"elementor-container elementor-column-gap-default\">\n\t\t\t\t\t<div class=\"elementor-column elementor-col-100 elementor-top-column elementor-element elementor-element-1991cd98\" data-id=\"1991cd98\" data-element_type=\"column\" data-e-type=\"column\">\n\t\t\t<div class=\"elementor-widget-wrap elementor-element-populated\">\n\t\t\t\t\t\t<div class=\"elementor-element elementor-element-2c16aaf8 elementor-widget elementor-widget-heading\" data-id=\"2c16aaf8\" data-element_type=\"widget\" data-e-type=\"widget\" data-widget_type=\"heading.default\">\n\t\t\t\t<div class=\"elementor-widget-container\">\n\t\t\t\t\t<h2 class=\"elementor-heading-title elementor-size-default\">Larga vida a tu motor<\/h2>\t\t\t\t<\/div>\n\t\t\t\t<\/div>\n\t\t\t\t<div class=\"elementor-element elementor-element-631befc elementor-widget elementor-widget-text-editor\" data-id=\"631befc\" data-element_type=\"widget\" data-e-type=\"widget\" data-widget_type=\"text-editor.default\">\n\t\t\t\t<div class=\"elementor-widget-container\">\n\t\t\t\t\t\t\t\t\t<p><strong>Consejos claves para cuidar&nbsp;MEJOR tu veh\u00edculo, aqu\u00ed con Lubricantes Vald\u00e9s<\/strong><\/p>\t\t\t\t\t\t\t\t<\/div>\n\t\t\t\t<\/div>\n\t\t\t\t\t<\/div>\n\t\t<\/div>\n\t\t\t\t\t<\/div>\n\t\t<\/section>\n\t\t\t\t<section class=\"elementor-section elementor-top-section elementor-element elementor-element-7423b6d1 elementor-section-boxed elementor-section-height-default elementor-section-height-default wpr-particle-no wpr-jarallax-no wpr-parallax-no wpr-sticky-section-no wpr-equal-height-no\" data-id=\"7423b6d1\" data-element_type=\"section\" data-e-type=\"section\">\n\t\t\t\t\t\t<div class=\"elementor-container elementor-column-gap-default\">\n\t\t\t\t\t<div class=\"elementor-column elementor-col-100 elementor-top-column elementor-element elementor-element-1f04faf3\" data-id=\"1f04faf3\" data-element_type=\"column\" data-e-type=\"column\">\n\t\t\t<div class=\"elementor-widget-wrap elementor-element-populated\">\n\t\t\t\t\t\t<div class=\"elementor-element elementor-element-63e196c elementor-widget elementor-widget-wpr-magazine-grid\" data-id=\"63e196c\" data-element_type=\"widget\" data-e-type=\"widget\" data-widget_type=\"wpr-magazine-grid.default\">\n\t\t\t\t<div class=\"elementor-widget-container\">\n\t\t\t\t\t<div class=\"wpr-magazine-grid-wrap\"  data-slide-effect=\"\"><section class=\"wpr-magazine-grid wpr-mgzn-grid-1-1-3 wpr-mgzn-grid-rows-1\"><article class=\"wpr-mgzn-grid-item elementor-clearfix post-2242 post type-post status-publish format-standard has-post-thumbnail hentry category-cuidado-del-motor\"><div class=\"wpr-grid-item-inner\"><div class=\"wpr-grid-media-wrap\" data-overlay-link=\"yes\"><div class=\"wpr-grid-image-wrap\" data-src=\"https:\/\/www.lubricantesvaldes.cl\/wp-content\/uploads\/2024\/01\/s-l640.jpg\" style=\"background-image: url(https:\/\/www.lubricantesvaldes.cl\/wp-content\/uploads\/2024\/01\/s-l640.jpg)\"><\/div><div class=\"wpr-grid-media-hover wpr-animation-wrap\"><div class=\"wpr-grid-media-hover-bg  wpr-overlay-fade-out wpr-anim-size-medium wpr-anim-timing-ease-default wpr-anim-transparency\" data-url=\"https:\/\/www.lubricantesvaldes.cl\/?p=2242\"><\/div><div class=\"wpr-grid-media-hover-bottom elementor-clearfix\"><h2 class=\"wpr-grid-item-title elementor-repeater-item-5467bc5 wpr-grid-item-display-block wpr-grid-item-align-left wpr-pointer-none wpr-pointer-line-fx wpr-pointer-fx-fade\"><div class=\"inner-block\"><a  target=\"_self\"  href=\"https:\/\/www.lubricantesvaldes.cl\/?p=2242\">Importancia del filtro de combustible<\/a><\/div><\/h2><div class=\"wpr-grid-item-author elementor-repeater-item-d3e18b3 wpr-grid-item-display-inline wpr-grid-item-align-left\"><div class=\"inner-block\"><a href=\"https:\/\/www.lubricantesvaldes.cl\/?author=1\"><span>LubricantesValdes<\/span><\/a><\/div><\/div><div class=\"wpr-grid-item-separator elementor-repeater-item-947ce62 wpr-grid-item-display-inline wpr-grid-item-align-left wpr-grid-sep-style-1\"><div class=\"inner-block\"><span><\/span><\/div><\/div><\/div><\/div><\/div><\/div><\/article><article class=\"wpr-mgzn-grid-item elementor-clearfix post-2219 post type-post status-publish format-standard has-post-thumbnail hentry category-cuidado-del-motor\"><div class=\"wpr-grid-item-inner\"><div class=\"wpr-grid-media-wrap\" data-overlay-link=\"yes\"><div class=\"wpr-grid-image-wrap\" data-src=\"https:\/\/www.lubricantesvaldes.cl\/wp-content\/uploads\/2024\/01\/s-l640-1.jpg\" style=\"background-image: url(https:\/\/www.lubricantesvaldes.cl\/wp-content\/uploads\/2024\/01\/s-l640-1.jpg)\"><\/div><div class=\"wpr-grid-media-hover wpr-animation-wrap\"><div class=\"wpr-grid-media-hover-bg  wpr-overlay-fade-out wpr-anim-size-medium wpr-anim-timing-ease-default wpr-anim-transparency\" data-url=\"https:\/\/www.lubricantesvaldes.cl\/?p=2219\"><\/div><div class=\"wpr-grid-media-hover-bottom elementor-clearfix\"><h2 class=\"wpr-grid-item-title elementor-repeater-item-5467bc5 wpr-grid-item-display-block wpr-grid-item-align-left wpr-pointer-none wpr-pointer-line-fx wpr-pointer-fx-fade\"><div class=\"inner-block\"><a  target=\"_self\"  href=\"https:\/\/www.lubricantesvaldes.cl\/?p=2219\">Importancia del filtro de aire<\/a><\/div><\/h2><div class=\"wpr-grid-item-author elementor-repeater-item-d3e18b3 wpr-grid-item-display-inline wpr-grid-item-align-left\"><div class=\"inner-block\"><a href=\"https:\/\/www.lubricantesvaldes.cl\/?author=1\"><span>LubricantesValdes<\/span><\/a><\/div><\/div><div class=\"wpr-grid-item-separator elementor-repeater-item-947ce62 wpr-grid-item-display-inline wpr-grid-item-align-left wpr-grid-sep-style-1\"><div class=\"inner-block\"><span><\/span><\/div><\/div><\/div><\/div><\/div><\/div><\/article><article class=\"wpr-mgzn-grid-item elementor-clearfix post-2215 post type-post status-publish format-standard has-post-thumbnail hentry category-cuidado-del-motor\"><div class=\"wpr-grid-item-inner\"><div class=\"wpr-grid-media-wrap\" data-overlay-link=\"yes\"><div class=\"wpr-grid-image-wrap\" data-src=\"https:\/\/www.lubricantesvaldes.cl\/wp-content\/uploads\/2024\/01\/Aceite-hidraulico-5-1.jpg\" style=\"background-image: url(https:\/\/www.lubricantesvaldes.cl\/wp-content\/uploads\/2024\/01\/Aceite-hidraulico-5-1.jpg)\"><\/div><div class=\"wpr-grid-media-hover wpr-animation-wrap\"><div class=\"wpr-grid-media-hover-bg  wpr-overlay-fade-out wpr-anim-size-medium wpr-anim-timing-ease-default wpr-anim-transparency\" data-url=\"https:\/\/www.lubricantesvaldes.cl\/?p=2215\"><\/div><div class=\"wpr-grid-media-hover-bottom elementor-clearfix\"><h2 class=\"wpr-grid-item-title elementor-repeater-item-5467bc5 wpr-grid-item-display-block wpr-grid-item-align-left wpr-pointer-none wpr-pointer-line-fx wpr-pointer-fx-fade\"><div class=\"inner-block\"><a  target=\"_self\"  href=\"https:\/\/www.lubricantesvaldes.cl\/?p=2215\">Viscosidad del aceite y como identificar la mejor opci\u00f3n para tu veh\u00edculo<\/a><\/div><\/h2><div class=\"wpr-grid-item-author elementor-repeater-item-d3e18b3 wpr-grid-item-display-inline wpr-grid-item-align-left\"><div class=\"inner-block\"><a href=\"https:\/\/www.lubricantesvaldes.cl\/?author=1\"><span>LubricantesValdes<\/span><\/a><\/div><\/div><div class=\"wpr-grid-item-separator elementor-repeater-item-947ce62 wpr-grid-item-display-inline wpr-grid-item-align-left wpr-grid-sep-style-1\"><div class=\"inner-block\"><span><\/span><\/div><\/div><\/div><\/div><\/div><\/div><\/article><article class=\"wpr-mgzn-grid-item elementor-clearfix post-2184 post type-post status-publish format-standard has-post-thumbnail hentry category-cuidado-del-motor\"><div class=\"wpr-grid-item-inner\"><div class=\"wpr-grid-media-wrap\" data-overlay-link=\"yes\"><div class=\"wpr-grid-image-wrap\" data-src=\"https:\/\/www.lubricantesvaldes.cl\/wp-content\/uploads\/2024\/01\/R-5.jpg\" style=\"background-image: url(https:\/\/www.lubricantesvaldes.cl\/wp-content\/uploads\/2024\/01\/R-5.jpg)\"><\/div><div class=\"wpr-grid-media-hover wpr-animation-wrap\"><div class=\"wpr-grid-media-hover-bg  wpr-overlay-fade-out wpr-anim-size-medium wpr-anim-timing-ease-default wpr-anim-transparency\" data-url=\"https:\/\/www.lubricantesvaldes.cl\/?p=2184\"><\/div><div class=\"wpr-grid-media-hover-bottom elementor-clearfix\"><h2 class=\"wpr-grid-item-title elementor-repeater-item-5467bc5 wpr-grid-item-display-block wpr-grid-item-align-left wpr-pointer-none wpr-pointer-line-fx wpr-pointer-fx-fade\"><div class=\"inner-block\"><a  target=\"_self\"  href=\"https:\/\/www.lubricantesvaldes.cl\/?p=2184\">Mitos y verdades sobre el cambio de aceite en los veh\u00edculos<\/a><\/div><\/h2><div class=\"wpr-grid-item-author elementor-repeater-item-d3e18b3 wpr-grid-item-display-inline wpr-grid-item-align-left\"><div class=\"inner-block\"><a href=\"https:\/\/www.lubricantesvaldes.cl\/?author=1\"><span>LubricantesValdes<\/span><\/a><\/div><\/div><div class=\"wpr-grid-item-separator elementor-repeater-item-947ce62 wpr-grid-item-display-inline wpr-grid-item-align-left wpr-grid-sep-style-1\"><div class=\"inner-block\"><span><\/span><\/div><\/div><\/div><\/div><\/div><\/div><\/article><article class=\"wpr-mgzn-grid-item elementor-clearfix post-2159 post type-post status-publish format-standard has-post-thumbnail hentry category-cuidado-del-motor\"><div class=\"wpr-grid-item-inner\"><div class=\"wpr-grid-media-wrap\" data-overlay-link=\"yes\"><div class=\"wpr-grid-image-wrap\" data-src=\"https:\/\/www.lubricantesvaldes.cl\/wp-content\/uploads\/2023\/11\/Servicios-de-cambio-de-aceite-1.png\" style=\"background-image: url(https:\/\/www.lubricantesvaldes.cl\/wp-content\/uploads\/2023\/11\/Servicios-de-cambio-de-aceite-1.png)\"><\/div><div class=\"wpr-grid-media-hover wpr-animation-wrap\"><div class=\"wpr-grid-media-hover-bg  wpr-overlay-fade-out wpr-anim-size-medium wpr-anim-timing-ease-default wpr-anim-transparency\" data-url=\"https:\/\/www.lubricantesvaldes.cl\/?p=2159\"><\/div><div class=\"wpr-grid-media-hover-bottom elementor-clearfix\"><h2 class=\"wpr-grid-item-title elementor-repeater-item-5467bc5 wpr-grid-item-display-block wpr-grid-item-align-left wpr-pointer-none wpr-pointer-line-fx wpr-pointer-fx-fade\"><div class=\"inner-block\"><a  target=\"_self\"  href=\"https:\/\/www.lubricantesvaldes.cl\/?p=2159\">Importancia del cambio regular del aceite<\/a><\/div><\/h2><div class=\"wpr-grid-item-author elementor-repeater-item-d3e18b3 wpr-grid-item-display-inline wpr-grid-item-align-left\"><div class=\"inner-block\"><a href=\"https:\/\/www.lubricantesvaldes.cl\/?author=1\"><span>LubricantesValdes<\/span><\/a><\/div><\/div><div class=\"wpr-grid-item-separator elementor-repeater-item-947ce62 wpr-grid-item-display-inline wpr-grid-item-align-left wpr-grid-sep-style-1\"><div class=\"inner-block\"><span><\/span><\/div><\/div><\/div><\/div><\/div><\/div><\/article><\/section><\/div>\t\t\t\t<\/div>\n\t\t\t\t<\/div>\n\t\t\t\t\t<\/div>\n\t\t<\/div>\n\t\t\t\t\t<\/div>\n\t\t<\/section>\n\t\t\t\t<\/div>\n\t\t","protected":false},"excerpt":{"rendered":"<p>Larga vida a tu motor Consejos claves para cuidar&nbsp;MEJOR tu veh\u00edculo, aqu\u00ed con Lubricantes Vald\u00e9s Importancia del filtro de combustible LubricantesValdes Importancia del filtro de aire LubricantesValdes Viscosidad del aceite y como identificar la mejor opci\u00f3n para tu veh\u00edculo LubricantesValdes El Papel vital del filtro de aceite en el rendimiento del motor LubricantesValdes Mitos y verdades sobre el cambio de aceite en los veh\u00edculos LubricantesValdes<\/p>\n","protected":false},"author":1,"featured_media":0,"parent":0,"menu_order":0,"comment_status":"closed","ping_status":"closed","template":"","meta":{"footnotes":""},"class_list":["post-1234","page","type-page","status-publish","hentry"],"yoast_head":"<!-- This site is optimized with the Yoast SEO plugin v27.4 - https:\/\/yoast.com\/product\/yoast-seo-wordpress\/ -->\n<title>- Lubricantes Vald\u00e9s<\/title>\n<meta name=\"robots\" content=\"index, follow, max-snippet:-1, max-image-preview:large, max-video-preview:-1\" \/>\n<link rel=\"canonical\" href=\"https:\/\/www.lubricantesvaldes.cl\/?page_id=1234\" \/>\n<meta property=\"og:locale\" content=\"es_ES\" \/>\n<meta property=\"og:type\" content=\"article\" \/>\n<meta property=\"og:title\" content=\"- Lubricantes Vald\u00e9s\" \/>\n<meta property=\"og:description\" content=\"Larga vida a tu motor Consejos claves para cuidar&nbsp;MEJOR tu veh\u00edculo, aqu\u00ed con Lubricantes Vald\u00e9s Importancia del filtro de combustible LubricantesValdes Importancia del filtro de aire LubricantesValdes Viscosidad del aceite y como identificar la mejor opci\u00f3n para tu veh\u00edculo LubricantesValdes El Papel vital del filtro de aceite en el rendimiento del motor LubricantesValdes Mitos y verdades sobre el cambio de aceite en los veh\u00edculos LubricantesValdes\" \/>\n<meta property=\"og:url\" content=\"https:\/\/www.lubricantesvaldes.cl\/?page_id=1234\" \/>\n<meta property=\"og:site_name\" content=\"Lubricantes Vald\u00e9s\" \/>\n<meta property=\"article:publisher\" content=\"https:\/\/www.facebook.com\/profile.php?id=61552976476979&amp;mibextid=ZbWKwL\" \/>\n<meta property=\"article:modified_time\" content=\"2024-01-04T20:57:06+00:00\" \/>\n<meta name=\"twitter:card\" content=\"summary_large_image\" \/>\n<meta name=\"twitter:label1\" content=\"Tiempo estimado de lectura\" \/>\n\t<meta name=\"twitter:data1\" content=\"1 minuto\" \/>\n<script type=\"application\/ld+json\" class=\"yoast-schema-graph\">{\"@context\":\"https:\\\/\\\/schema.org\",\"@graph\":[{\"@type\":\"WebPage\",\"@id\":\"https:\\\/\\\/www.lubricantesvaldes.cl\\\/?page_id=1234\",\"url\":\"https:\\\/\\\/www.lubricantesvaldes.cl\\\/?page_id=1234\",\"name\":\"- Lubricantes Vald\u00e9s\",\"isPartOf\":{\"@id\":\"https:\\\/\\\/www.lubricantesvaldes.cl\\\/#website\"},\"datePublished\":\"2023-11-13T16:43:36+00:00\",\"dateModified\":\"2024-01-04T20:57:06+00:00\",\"inLanguage\":\"es-CL\",\"potentialAction\":[{\"@type\":\"ReadAction\",\"target\":[\"https:\\\/\\\/www.lubricantesvaldes.cl\\\/?page_id=1234\"]}]},{\"@type\":\"WebSite\",\"@id\":\"https:\\\/\\\/www.lubricantesvaldes.cl\\\/#website\",\"url\":\"https:\\\/\\\/www.lubricantesvaldes.cl\\\/\",\"name\":\"Lubricantes Vald\u00e9s\",\"description\":\"Excelencia desde 1975\",\"publisher\":{\"@id\":\"https:\\\/\\\/www.lubricantesvaldes.cl\\\/#organization\"},\"potentialAction\":[{\"@type\":\"SearchAction\",\"target\":{\"@type\":\"EntryPoint\",\"urlTemplate\":\"https:\\\/\\\/www.lubricantesvaldes.cl\\\/?s={search_term_string}\"},\"query-input\":{\"@type\":\"PropertyValueSpecification\",\"valueRequired\":true,\"valueName\":\"search_term_string\"}}],\"inLanguage\":\"es-CL\"},{\"@type\":\"Organization\",\"@id\":\"https:\\\/\\\/www.lubricantesvaldes.cl\\\/#organization\",\"name\":\"Lubricantes Vald\u00e9s\",\"alternateName\":\"Lubricantes Vald\u00e9s\",\"url\":\"https:\\\/\\\/www.lubricantesvaldes.cl\\\/\",\"logo\":{\"@type\":\"ImageObject\",\"inLanguage\":\"es-CL\",\"@id\":\"https:\\\/\\\/www.lubricantesvaldes.cl\\\/#\\\/schema\\\/logo\\\/image\\\/\",\"url\":\"https:\\\/\\\/www.lubricantesvaldes.cl\\\/wp-content\\\/uploads\\\/2023\\\/12\\\/Sin-titulo-1_Mesa-de-trabajo-1.png\",\"contentUrl\":\"https:\\\/\\\/www.lubricantesvaldes.cl\\\/wp-content\\\/uploads\\\/2023\\\/12\\\/Sin-titulo-1_Mesa-de-trabajo-1.png\",\"width\":1080,\"height\":1080,\"caption\":\"Lubricantes Vald\u00e9s\"},\"image\":{\"@id\":\"https:\\\/\\\/www.lubricantesvaldes.cl\\\/#\\\/schema\\\/logo\\\/image\\\/\"},\"sameAs\":[\"https:\\\/\\\/www.facebook.com\\\/profile.php?id=61552976476979&mibextid=ZbWKwL\"]}]}<\/script>\n<!-- \/ Yoast SEO plugin. -->","yoast_head_json":{"title":"- Lubricantes Vald\u00e9s","robots":{"index":"index","follow":"follow","max-snippet":"max-snippet:-1","max-image-preview":"max-image-preview:large","max-video-preview":"max-video-preview:-1"},"canonical":"https:\/\/www.lubricantesvaldes.cl\/?page_id=1234","og_locale":"es_ES","og_type":"article","og_title":"- Lubricantes Vald\u00e9s","og_description":"Larga vida a tu motor Consejos claves para cuidar&nbsp;MEJOR tu veh\u00edculo, aqu\u00ed con Lubricantes Vald\u00e9s Importancia del filtro de combustible LubricantesValdes Importancia del filtro de aire LubricantesValdes Viscosidad del aceite y como identificar la mejor opci\u00f3n para tu veh\u00edculo LubricantesValdes El Papel vital del filtro de aceite en el rendimiento del motor LubricantesValdes Mitos y verdades sobre el cambio de aceite en los veh\u00edculos LubricantesValdes","og_url":"https:\/\/www.lubricantesvaldes.cl\/?page_id=1234","og_site_name":"Lubricantes Vald\u00e9s","article_publisher":"https:\/\/www.facebook.com\/profile.php?id=61552976476979&mibextid=ZbWKwL","article_modified_time":"2024-01-04T20:57:06+00:00","twitter_card":"summary_large_image","twitter_misc":{"Tiempo estimado de lectura":"1 minuto"},"schema":{"@context":"https:\/\/schema.org","@graph":[{"@type":"WebPage","@id":"https:\/\/www.lubricantesvaldes.cl\/?page_id=1234","url":"https:\/\/www.lubricantesvaldes.cl\/?page_id=1234","name":"- Lubricantes Vald\u00e9s","isPartOf":{"@id":"https:\/\/www.lubricantesvaldes.cl\/#website"},"datePublished":"2023-11-13T16:43:36+00:00","dateModified":"2024-01-04T20:57:06+00:00","inLanguage":"es-CL","potentialAction":[{"@type":"ReadAction","target":["https:\/\/www.lubricantesvaldes.cl\/?page_id=1234"]}]},{"@type":"WebSite","@id":"https:\/\/www.lubricantesvaldes.cl\/#website","url":"https:\/\/www.lubricantesvaldes.cl\/","name":"Lubricantes Vald\u00e9s","description":"Excelencia desde 1975","publisher":{"@id":"https:\/\/www.lubricantesvaldes.cl\/#organization"},"potentialAction":[{"@type":"SearchAction","target":{"@type":"EntryPoint","urlTemplate":"https:\/\/www.lubricantesvaldes.cl\/?s={search_term_string}"},"query-input":{"@type":"PropertyValueSpecification","valueRequired":true,"valueName":"search_term_string"}}],"inLanguage":"es-CL"},{"@type":"Organization","@id":"https:\/\/www.lubricantesvaldes.cl\/#organization","name":"Lubricantes Vald\u00e9s","alternateName":"Lubricantes Vald\u00e9s","url":"https:\/\/www.lubricantesvaldes.cl\/","logo":{"@type":"ImageObject","inLanguage":"es-CL","@id":"https:\/\/www.lubricantesvaldes.cl\/#\/schema\/logo\/image\/","url":"https:\/\/www.lubricantesvaldes.cl\/wp-content\/uploads\/2023\/12\/Sin-titulo-1_Mesa-de-trabajo-1.png","contentUrl":"https:\/\/www.lubricantesvaldes.cl\/wp-content\/uploads\/2023\/12\/Sin-titulo-1_Mesa-de-trabajo-1.png","width":1080,"height":1080,"caption":"Lubricantes Vald\u00e9s"},"image":{"@id":"https:\/\/www.lubricantesvaldes.cl\/#\/schema\/logo\/image\/"},"sameAs":["https:\/\/www.facebook.com\/profile.php?id=61552976476979&mibextid=ZbWKwL"]}]}},"_links":{"self":[{"href":"https:\/\/www.lubricantesvaldes.cl\/index.php?rest_route=\/wp\/v2\/pages\/1234","targetHints":{"allow":["GET"]}}],"collection":[{"href":"https:\/\/www.lubricantesvaldes.cl\/index.php?rest_route=\/wp\/v2\/pages"}],"about":[{"href":"https:\/\/www.lubricantesvaldes.cl\/index.php?rest_route=\/wp\/v2\/types\/page"}],"author":[{"embeddable":true,"href":"https:\/\/www.lubricantesvaldes.cl\/index.php?rest_route=\/wp\/v2\/users\/1"}],"replies":[{"embeddable":true,"href":"https:\/\/www.lubricantesvaldes.cl\/index.php?rest_route=%2Fwp%2Fv2%2Fcomments&post=1234"}],"version-history":[{"count":48,"href":"https:\/\/www.lubricantesvaldes.cl\/index.php?rest_route=\/wp\/v2\/pages\/1234\/revisions"}],"predecessor-version":[{"id":2224,"href":"https:\/\/www.lubricantesvaldes.cl\/index.php?rest_route=\/wp\/v2\/pages\/1234\/revisions\/2224"}],"wp:attachment":[{"href":"https:\/\/www.lubricantesvaldes.cl\/index.php?rest_route=%2Fwp%2Fv2%2Fmedia&parent=1234"}],"curies":[{"name":"wp","href":"https:\/\/api.w.org\/{rel}","templated":true}]}}